{"id":7600,"date":"2025-04-09T19:20:59","date_gmt":"2025-04-09T18:20:59","guid":{"rendered":"https:\/\/davidcalvo.net\/producto\/bcaa-211-en-polvo-250g-limon\/"},"modified":"2025-04-09T19:20:59","modified_gmt":"2025-04-09T18:20:59","slug":"bcaa-211-en-polvo-250g-limon","status":"publish","type":"product","link":"https:\/\/davidcalvo.net\/ca\/producte\/bcaa-211-en-polvo-250g-limon\/","title":{"rendered":"BCAA 2:1:1 en Polvo 250g &#8211; Lim\u00f3n"},"content":{"rendered":"<p>Amino\u00e1cidos de cadena ramificada en ratio 2:1:1 con sabor a lim\u00f3n. Favorece la recuperaci\u00f3n muscular y reduce la fatiga durante el entrenamiento.<\/p>","protected":false},"excerpt":{"rendered":"<p>Amino\u00e1cidos de cadena ramificada en ratio 2:1:1 con sabor a lim\u00f3n. Favorece la recuperaci\u00f3n muscular y reduce la fatiga durante el entrenamiento.<\/p>","protected":false},"featured_media":0,"comment_status":"open","ping_status":"closed","template":"","meta":{"_acf_changed":false},"product_brand":[],"product_cat":[29],"product_tag":[],"class_list":{"0":"post-7600","1":"product","2":"type-product","3":"status-publish","5":"product_cat-bcaa-aminoacidos","7":"first","8":"instock","9":"taxable","10":"shipping-taxable","11":"purchasable","12":"product-type-simple"},"acf":[],"_links":{"self":[{"href":"https:\/\/davidcalvo.net\/ca\/wp-json\/wp\/v2\/product\/7600","targetHints":{"allow":["GET"]}}],"collection":[{"href":"https:\/\/davidcalvo.net\/ca\/wp-json\/wp\/v2\/product"}],"about":[{"href":"https:\/\/davidcalvo.net\/ca\/wp-json\/wp\/v2\/types\/product"}],"replies":[{"embeddable":true,"href":"https:\/\/davidcalvo.net\/ca\/wp-json\/wp\/v2\/comments?post=7600"}],"wp:attachment":[{"href":"https:\/\/davidcalvo.net\/ca\/wp-json\/wp\/v2\/media?parent=7600"}],"wp:term":[{"taxonomy":"product_brand","embeddable":true,"href":"https:\/\/davidcalvo.net\/ca\/wp-json\/wp\/v2\/product_brand?post=7600"},{"taxonomy":"product_cat","embeddable":true,"href":"https:\/\/davidcalvo.net\/ca\/wp-json\/wp\/v2\/product_cat?post=7600"},{"taxonomy":"product_tag","embeddable":true,"href":"https:\/\/davidcalvo.net\/ca\/wp-json\/wp\/v2\/product_tag?post=7600"}],"curies":[{"name":"wp","href":"https:\/\/api.w.org\/{rel}","templated":true}]}}