{"id":7624,"date":"2025-04-09T19:21:07","date_gmt":"2025-04-09T18:21:07","guid":{"rendered":"https:\/\/davidcalvo.net\/producto\/omega-3-1000mg-90-capsulas-2\/"},"modified":"2025-04-09T19:21:07","modified_gmt":"2025-04-09T18:21:07","slug":"omega-3-1000mg-90-capsulas-2","status":"publish","type":"product","link":"https:\/\/davidcalvo.net\/ca\/producte\/omega-3-1000mg-90-capsulas-2\/","title":{"rendered":"Omega-3 1000mg 90 c\u00e1psulas"},"content":{"rendered":"<p>\u00c1cidos grasos esenciales que contribuyen a la funci\u00f3n card\u00edaca normal y al mantenimiento de niveles normales de triglic\u00e9ridos en sangre.<\/p>","protected":false},"excerpt":{"rendered":"<p>\u00c1cidos grasos esenciales que contribuyen a la funci\u00f3n card\u00edaca normal y al mantenimiento de niveles normales de triglic\u00e9ridos en sangre.<\/p>","protected":false},"featured_media":0,"comment_status":"open","ping_status":"closed","template":"","meta":{"_acf_changed":false},"product_brand":[],"product_cat":[30],"product_tag":[],"class_list":{"0":"post-7624","1":"product","2":"type-product","3":"status-publish","5":"product_cat-acidos-grasos-omega-3","7":"first","8":"instock","9":"taxable","10":"shipping-taxable","11":"purchasable","12":"product-type-simple"},"acf":[],"_links":{"self":[{"href":"https:\/\/davidcalvo.net\/ca\/wp-json\/wp\/v2\/product\/7624","targetHints":{"allow":["GET"]}}],"collection":[{"href":"https:\/\/davidcalvo.net\/ca\/wp-json\/wp\/v2\/product"}],"about":[{"href":"https:\/\/davidcalvo.net\/ca\/wp-json\/wp\/v2\/types\/product"}],"replies":[{"embeddable":true,"href":"https:\/\/davidcalvo.net\/ca\/wp-json\/wp\/v2\/comments?post=7624"}],"wp:attachment":[{"href":"https:\/\/davidcalvo.net\/ca\/wp-json\/wp\/v2\/media?parent=7624"}],"wp:term":[{"taxonomy":"product_brand","embeddable":true,"href":"https:\/\/davidcalvo.net\/ca\/wp-json\/wp\/v2\/product_brand?post=7624"},{"taxonomy":"product_cat","embeddable":true,"href":"https:\/\/davidcalvo.net\/ca\/wp-json\/wp\/v2\/product_cat?post=7624"},{"taxonomy":"product_tag","embeddable":true,"href":"https:\/\/davidcalvo.net\/ca\/wp-json\/wp\/v2\/product_tag?post=7624"}],"curies":[{"name":"wp","href":"https:\/\/api.w.org\/{rel}","templated":true}]}}