{"id":7660,"date":"2025-04-09T19:21:18","date_gmt":"2025-04-09T18:21:18","guid":{"rendered":"https:\/\/davidcalvo.net\/producto\/cla-1000mg-180-capsulas-2\/"},"modified":"2025-04-09T19:21:18","modified_gmt":"2025-04-09T18:21:18","slug":"cla-1000mg-180-capsulas-2","status":"publish","type":"product","link":"https:\/\/davidcalvo.net\/ca\/producte\/cla-1000mg-180-capsulas-2\/","title":{"rendered":"CLA 1000mg 180 c\u00e1psulas"},"content":{"rendered":"<p>\u00c1cido linoleico conjugado que apoya el metabolismo de las grasas y la composici\u00f3n corporal. Cada c\u00e1psula aporta 1000mg de CLA.<\/p>","protected":false},"excerpt":{"rendered":"<p>\u00c1cido linoleico conjugado que apoya el metabolismo de las grasas y la composici\u00f3n corporal. Cada c\u00e1psula aporta 1000mg de CLA.<\/p>","protected":false},"featured_media":0,"comment_status":"open","ping_status":"closed","template":"","meta":{"_acf_changed":false},"product_brand":[],"product_cat":[31],"product_tag":[],"class_list":{"0":"post-7660","1":"product","2":"type-product","3":"status-publish","5":"product_cat-otros","7":"first","8":"instock","9":"taxable","10":"shipping-taxable","11":"purchasable","12":"product-type-simple"},"acf":[],"_links":{"self":[{"href":"https:\/\/davidcalvo.net\/ca\/wp-json\/wp\/v2\/product\/7660","targetHints":{"allow":["GET"]}}],"collection":[{"href":"https:\/\/davidcalvo.net\/ca\/wp-json\/wp\/v2\/product"}],"about":[{"href":"https:\/\/davidcalvo.net\/ca\/wp-json\/wp\/v2\/types\/product"}],"replies":[{"embeddable":true,"href":"https:\/\/davidcalvo.net\/ca\/wp-json\/wp\/v2\/comments?post=7660"}],"wp:attachment":[{"href":"https:\/\/davidcalvo.net\/ca\/wp-json\/wp\/v2\/media?parent=7660"}],"wp:term":[{"taxonomy":"product_brand","embeddable":true,"href":"https:\/\/davidcalvo.net\/ca\/wp-json\/wp\/v2\/product_brand?post=7660"},{"taxonomy":"product_cat","embeddable":true,"href":"https:\/\/davidcalvo.net\/ca\/wp-json\/wp\/v2\/product_cat?post=7660"},{"taxonomy":"product_tag","embeddable":true,"href":"https:\/\/davidcalvo.net\/ca\/wp-json\/wp\/v2\/product_tag?post=7660"}],"curies":[{"name":"wp","href":"https:\/\/api.w.org\/{rel}","templated":true}]}}