{"id":7661,"date":"2025-04-09T19:21:18","date_gmt":"2025-04-09T18:21:18","guid":{"rendered":"https:\/\/davidcalvo.net\/producto\/l-carnitina-tartrato-500mg-180-tabletas\/"},"modified":"2025-04-09T19:21:18","modified_gmt":"2025-04-09T18:21:18","slug":"l-carnitina-tartrato-500mg-180-tabletas","status":"publish","type":"product","link":"https:\/\/davidcalvo.net\/ca\/producte\/l-carnitina-tartrato-500mg-180-tabletas\/","title":{"rendered":"L-Carnitina Tartrato 500mg 180 tabletas"},"content":{"rendered":"<p>Amino\u00e1cido que facilita la conversi\u00f3n de grasa en energ\u00eda, apoyando la p\u00e9rdida de peso y el rendimiento deportivo.<\/p>","protected":false},"excerpt":{"rendered":"<p>Amino\u00e1cido que facilita la conversi\u00f3n de grasa en energ\u00eda, apoyando la p\u00e9rdida de peso y el rendimiento deportivo.<\/p>","protected":false},"featured_media":0,"comment_status":"open","ping_status":"closed","template":"","meta":{"_acf_changed":false},"product_brand":[],"product_cat":[31],"product_tag":[],"class_list":{"0":"post-7661","1":"product","2":"type-product","3":"status-publish","5":"product_cat-otros","7":"first","8":"instock","9":"taxable","10":"shipping-taxable","11":"purchasable","12":"product-type-simple"},"acf":[],"_links":{"self":[{"href":"https:\/\/davidcalvo.net\/ca\/wp-json\/wp\/v2\/product\/7661","targetHints":{"allow":["GET"]}}],"collection":[{"href":"https:\/\/davidcalvo.net\/ca\/wp-json\/wp\/v2\/product"}],"about":[{"href":"https:\/\/davidcalvo.net\/ca\/wp-json\/wp\/v2\/types\/product"}],"replies":[{"embeddable":true,"href":"https:\/\/davidcalvo.net\/ca\/wp-json\/wp\/v2\/comments?post=7661"}],"wp:attachment":[{"href":"https:\/\/davidcalvo.net\/ca\/wp-json\/wp\/v2\/media?parent=7661"}],"wp:term":[{"taxonomy":"product_brand","embeddable":true,"href":"https:\/\/davidcalvo.net\/ca\/wp-json\/wp\/v2\/product_brand?post=7661"},{"taxonomy":"product_cat","embeddable":true,"href":"https:\/\/davidcalvo.net\/ca\/wp-json\/wp\/v2\/product_cat?post=7661"},{"taxonomy":"product_tag","embeddable":true,"href":"https:\/\/davidcalvo.net\/ca\/wp-json\/wp\/v2\/product_tag?post=7661"}],"curies":[{"name":"wp","href":"https:\/\/api.w.org\/{rel}","templated":true}]}}