{"id":7593,"date":"2025-04-09T19:20:57","date_gmt":"2025-04-09T18:20:57","guid":{"rendered":"https:\/\/davidcalvo.net\/producto\/caseina-micelar-2kg-vainilla\/"},"modified":"2025-04-09T19:20:57","modified_gmt":"2025-04-09T18:20:57","slug":"caseina-micelar-2kg-vainilla","status":"publish","type":"product","link":"https:\/\/davidcalvo.net\/en\/product\/caseina-micelar-2kg-vainilla\/","title":{"rendered":"Case\u00edna Micelar 2kg &#8211; Vainilla"},"content":{"rendered":"<p>Prote\u00edna de digesti\u00f3n lenta ideal para tomar antes de dormir. Proporciona un suministro sostenido de amino\u00e1cidos para la recuperaci\u00f3n nocturna.<\/p>","protected":false},"excerpt":{"rendered":"<p>Prote\u00edna de digesti\u00f3n lenta ideal para tomar antes de dormir. Proporciona un suministro sostenido de amino\u00e1cidos para la recuperaci\u00f3n nocturna.<\/p>","protected":false},"featured_media":0,"comment_status":"open","ping_status":"closed","template":"","meta":{"_acf_changed":false},"product_brand":[],"product_cat":[26],"product_tag":[],"class_list":{"0":"post-7593","1":"product","2":"type-product","3":"status-publish","5":"product_cat-proteinas","7":"first","8":"instock","9":"taxable","10":"shipping-taxable","11":"purchasable","12":"product-type-simple"},"acf":[],"_links":{"self":[{"href":"https:\/\/davidcalvo.net\/en\/wp-json\/wp\/v2\/product\/7593","targetHints":{"allow":["GET"]}}],"collection":[{"href":"https:\/\/davidcalvo.net\/en\/wp-json\/wp\/v2\/product"}],"about":[{"href":"https:\/\/davidcalvo.net\/en\/wp-json\/wp\/v2\/types\/product"}],"replies":[{"embeddable":true,"href":"https:\/\/davidcalvo.net\/en\/wp-json\/wp\/v2\/comments?post=7593"}],"wp:attachment":[{"href":"https:\/\/davidcalvo.net\/en\/wp-json\/wp\/v2\/media?parent=7593"}],"wp:term":[{"taxonomy":"product_brand","embeddable":true,"href":"https:\/\/davidcalvo.net\/en\/wp-json\/wp\/v2\/product_brand?post=7593"},{"taxonomy":"product_cat","embeddable":true,"href":"https:\/\/davidcalvo.net\/en\/wp-json\/wp\/v2\/product_cat?post=7593"},{"taxonomy":"product_tag","embeddable":true,"href":"https:\/\/davidcalvo.net\/en\/wp-json\/wp\/v2\/product_tag?post=7593"}],"curies":[{"name":"wp","href":"https:\/\/api.w.org\/{rel}","templated":true}]}}