{"id":7599,"date":"2025-04-09T19:20:58","date_gmt":"2025-04-09T18:20:58","guid":{"rendered":"https:\/\/davidcalvo.net\/producto\/impact-whey-isolate-5kg-platano-natural\/"},"modified":"2025-04-09T19:20:58","modified_gmt":"2025-04-09T18:20:58","slug":"impact-whey-isolate-5kg-platano-natural","status":"publish","type":"product","link":"https:\/\/davidcalvo.net\/en\/product\/impact-whey-isolate-5kg-platano-natural\/","title":{"rendered":"Impact Whey Isolate 5kg &#8211; Pl\u00e1tano Natural"},"content":{"rendered":"<p>Aislado de prote\u00edna de suero con sabor a pl\u00e1tano natural. Alta pureza con 23g de prote\u00edna por porci\u00f3n y bajo contenido en grasas y carbohidratos.<\/p>","protected":false},"excerpt":{"rendered":"<p>Aislado de prote\u00edna de suero con sabor a pl\u00e1tano natural. Alta pureza con 23g de prote\u00edna por porci\u00f3n y bajo contenido en grasas y carbohidratos.<\/p>","protected":false},"featured_media":7689,"comment_status":"open","ping_status":"closed","template":"","meta":{"_acf_changed":false},"product_brand":[],"product_cat":[26],"product_tag":[],"class_list":{"0":"post-7599","1":"product","2":"type-product","3":"status-publish","4":"has-post-thumbnail","6":"product_cat-proteinas","8":"first","9":"instock","10":"taxable","11":"shipping-taxable","12":"purchasable","13":"product-type-simple"},"acf":[],"_links":{"self":[{"href":"https:\/\/davidcalvo.net\/en\/wp-json\/wp\/v2\/product\/7599","targetHints":{"allow":["GET"]}}],"collection":[{"href":"https:\/\/davidcalvo.net\/en\/wp-json\/wp\/v2\/product"}],"about":[{"href":"https:\/\/davidcalvo.net\/en\/wp-json\/wp\/v2\/types\/product"}],"replies":[{"embeddable":true,"href":"https:\/\/davidcalvo.net\/en\/wp-json\/wp\/v2\/comments?post=7599"}],"wp:featuredmedia":[{"embeddable":true,"href":"https:\/\/davidcalvo.net\/en\/wp-json\/wp\/v2\/media\/7689"}],"wp:attachment":[{"href":"https:\/\/davidcalvo.net\/en\/wp-json\/wp\/v2\/media?parent=7599"}],"wp:term":[{"taxonomy":"product_brand","embeddable":true,"href":"https:\/\/davidcalvo.net\/en\/wp-json\/wp\/v2\/product_brand?post=7599"},{"taxonomy":"product_cat","embeddable":true,"href":"https:\/\/davidcalvo.net\/en\/wp-json\/wp\/v2\/product_cat?post=7599"},{"taxonomy":"product_tag","embeddable":true,"href":"https:\/\/davidcalvo.net\/en\/wp-json\/wp\/v2\/product_tag?post=7599"}],"curies":[{"name":"wp","href":"https:\/\/api.w.org\/{rel}","templated":true}]}}