{"id":7607,"date":"2025-04-09T19:21:02","date_gmt":"2025-04-09T18:21:02","guid":{"rendered":"https:\/\/davidcalvo.net\/producto\/multivitaminico-daily-vitamins-180-capsulas\/"},"modified":"2025-04-09T19:21:02","modified_gmt":"2025-04-09T18:21:02","slug":"multivitaminico-daily-vitamins-180-capsulas","status":"publish","type":"product","link":"https:\/\/davidcalvo.net\/en\/product\/multivitaminico-daily-vitamins-180-capsulas\/","title":{"rendered":"Multivitam\u00ednico Daily Vitamins 180 c\u00e1psulas"},"content":{"rendered":"<p>Complejo multivitam\u00ednico que aporta 7 vitaminas esenciales para apoyar la salud general y el bienestar diario.<\/p>","protected":false},"excerpt":{"rendered":"<p>Complejo multivitam\u00ednico que aporta 7 vitaminas esenciales para apoyar la salud general y el bienestar diario.<\/p>","protected":false},"featured_media":0,"comment_status":"open","ping_status":"closed","template":"","meta":{"_acf_changed":false},"product_brand":[],"product_cat":[28],"product_tag":[],"class_list":{"0":"post-7607","1":"product","2":"type-product","3":"status-publish","5":"product_cat-vitaminas-y-minerales","7":"first","8":"instock","9":"taxable","10":"shipping-taxable","11":"purchasable","12":"product-type-simple"},"acf":[],"_links":{"self":[{"href":"https:\/\/davidcalvo.net\/en\/wp-json\/wp\/v2\/product\/7607","targetHints":{"allow":["GET"]}}],"collection":[{"href":"https:\/\/davidcalvo.net\/en\/wp-json\/wp\/v2\/product"}],"about":[{"href":"https:\/\/davidcalvo.net\/en\/wp-json\/wp\/v2\/types\/product"}],"replies":[{"embeddable":true,"href":"https:\/\/davidcalvo.net\/en\/wp-json\/wp\/v2\/comments?post=7607"}],"wp:attachment":[{"href":"https:\/\/davidcalvo.net\/en\/wp-json\/wp\/v2\/media?parent=7607"}],"wp:term":[{"taxonomy":"product_brand","embeddable":true,"href":"https:\/\/davidcalvo.net\/en\/wp-json\/wp\/v2\/product_brand?post=7607"},{"taxonomy":"product_cat","embeddable":true,"href":"https:\/\/davidcalvo.net\/en\/wp-json\/wp\/v2\/product_cat?post=7607"},{"taxonomy":"product_tag","embeddable":true,"href":"https:\/\/davidcalvo.net\/en\/wp-json\/wp\/v2\/product_tag?post=7607"}],"curies":[{"name":"wp","href":"https:\/\/api.w.org\/{rel}","templated":true}]}}