{"id":7610,"date":"2025-04-09T19:21:03","date_gmt":"2025-04-09T18:21:03","guid":{"rendered":"https:\/\/davidcalvo.net\/producto\/evowhey-protein-2-0-2kg-cookies-and-cream\/"},"modified":"2025-04-09T19:21:03","modified_gmt":"2025-04-09T18:21:03","slug":"evowhey-protein-2-0-2kg-cookies-and-cream","status":"publish","type":"product","link":"https:\/\/davidcalvo.net\/en\/product\/evowhey-protein-2-0-2kg-cookies-and-cream\/","title":{"rendered":"Evowhey Protein 2.0 2kg &#8211; Cookies and Cream"},"content":{"rendered":"<p>Prote\u00edna concentrada de suero de leche con sabor a cookies and cream. Aporta 25g de prote\u00edna por servicio, favoreciendo la recuperaci\u00f3n y el desarrollo muscular.<\/p>","protected":false},"excerpt":{"rendered":"<p>Prote\u00edna concentrada de suero de leche con sabor a cookies and cream. Aporta 25g de prote\u00edna por servicio, favoreciendo la recuperaci\u00f3n y el desarrollo muscular.<\/p>","protected":false},"featured_media":7689,"comment_status":"open","ping_status":"closed","template":"","meta":{"_acf_changed":false},"product_brand":[],"product_cat":[26],"product_tag":[],"class_list":{"0":"post-7610","1":"product","2":"type-product","3":"status-publish","4":"has-post-thumbnail","6":"product_cat-proteinas","8":"first","9":"instock","10":"taxable","11":"shipping-taxable","12":"purchasable","13":"product-type-simple"},"acf":[],"_links":{"self":[{"href":"https:\/\/davidcalvo.net\/en\/wp-json\/wp\/v2\/product\/7610","targetHints":{"allow":["GET"]}}],"collection":[{"href":"https:\/\/davidcalvo.net\/en\/wp-json\/wp\/v2\/product"}],"about":[{"href":"https:\/\/davidcalvo.net\/en\/wp-json\/wp\/v2\/types\/product"}],"replies":[{"embeddable":true,"href":"https:\/\/davidcalvo.net\/en\/wp-json\/wp\/v2\/comments?post=7610"}],"wp:featuredmedia":[{"embeddable":true,"href":"https:\/\/davidcalvo.net\/en\/wp-json\/wp\/v2\/media\/7689"}],"wp:attachment":[{"href":"https:\/\/davidcalvo.net\/en\/wp-json\/wp\/v2\/media?parent=7610"}],"wp:term":[{"taxonomy":"product_brand","embeddable":true,"href":"https:\/\/davidcalvo.net\/en\/wp-json\/wp\/v2\/product_brand?post=7610"},{"taxonomy":"product_cat","embeddable":true,"href":"https:\/\/davidcalvo.net\/en\/wp-json\/wp\/v2\/product_cat?post=7610"},{"taxonomy":"product_tag","embeddable":true,"href":"https:\/\/davidcalvo.net\/en\/wp-json\/wp\/v2\/product_tag?post=7610"}],"curies":[{"name":"wp","href":"https:\/\/api.w.org\/{rel}","templated":true}]}}