{"id":7617,"date":"2025-04-09T19:21:05","date_gmt":"2025-04-09T18:21:05","guid":{"rendered":"https:\/\/davidcalvo.net\/producto\/evowhey-protein-2-0-2kg-cookies-cream\/"},"modified":"2025-04-09T19:21:05","modified_gmt":"2025-04-09T18:21:05","slug":"evowhey-protein-2-0-2kg-cookies-cream","status":"publish","type":"product","link":"https:\/\/davidcalvo.net\/en\/product\/evowhey-protein-2-0-2kg-cookies-cream\/","title":{"rendered":"Evowhey Protein 2.0 2kg &#8211; Cookies &#038; Cream"},"content":{"rendered":"<p>Prote\u00edna concentrada de suero de leche con sabor a cookies &#038; cream. Aporta 25g de prote\u00edna por servicio, favoreciendo la recuperaci\u00f3n y el desarrollo muscular.<\/p>","protected":false},"excerpt":{"rendered":"<p>Prote\u00edna concentrada de suero de leche con sabor a cookies &#038; cream. Aporta 25g de prote\u00edna por servicio, favoreciendo la recuperaci\u00f3n y el desarrollo muscular.<\/p>","protected":false},"featured_media":7689,"comment_status":"open","ping_status":"closed","template":"","meta":{"_acf_changed":false},"product_brand":[],"product_cat":[26],"product_tag":[],"class_list":{"0":"post-7617","1":"product","2":"type-product","3":"status-publish","4":"has-post-thumbnail","6":"product_cat-proteinas","8":"first","9":"instock","10":"taxable","11":"shipping-taxable","12":"purchasable","13":"product-type-simple"},"acf":[],"_links":{"self":[{"href":"https:\/\/davidcalvo.net\/en\/wp-json\/wp\/v2\/product\/7617","targetHints":{"allow":["GET"]}}],"collection":[{"href":"https:\/\/davidcalvo.net\/en\/wp-json\/wp\/v2\/product"}],"about":[{"href":"https:\/\/davidcalvo.net\/en\/wp-json\/wp\/v2\/types\/product"}],"replies":[{"embeddable":true,"href":"https:\/\/davidcalvo.net\/en\/wp-json\/wp\/v2\/comments?post=7617"}],"wp:featuredmedia":[{"embeddable":true,"href":"https:\/\/davidcalvo.net\/en\/wp-json\/wp\/v2\/media\/7689"}],"wp:attachment":[{"href":"https:\/\/davidcalvo.net\/en\/wp-json\/wp\/v2\/media?parent=7617"}],"wp:term":[{"taxonomy":"product_brand","embeddable":true,"href":"https:\/\/davidcalvo.net\/en\/wp-json\/wp\/v2\/product_brand?post=7617"},{"taxonomy":"product_cat","embeddable":true,"href":"https:\/\/davidcalvo.net\/en\/wp-json\/wp\/v2\/product_cat?post=7617"},{"taxonomy":"product_tag","embeddable":true,"href":"https:\/\/davidcalvo.net\/en\/wp-json\/wp\/v2\/product_tag?post=7617"}],"curies":[{"name":"wp","href":"https:\/\/api.w.org\/{rel}","templated":true}]}}