{"id":7631,"date":"2025-04-09T19:21:09","date_gmt":"2025-04-09T18:21:09","guid":{"rendered":"https:\/\/davidcalvo.net\/producto\/l-carnitina-500mg-90-capsulas\/"},"modified":"2025-04-09T19:21:09","modified_gmt":"2025-04-09T18:21:09","slug":"l-carnitina-500mg-90-capsulas","status":"publish","type":"product","link":"https:\/\/davidcalvo.net\/en\/product\/l-carnitina-500mg-90-capsulas\/","title":{"rendered":"L-Carnitina 500mg 90 c\u00e1psulas"},"content":{"rendered":"<p>Amino\u00e1cido que contribuye al metabolismo de las grasas y a la producci\u00f3n de energ\u00eda.<\/p>","protected":false},"excerpt":{"rendered":"<p>Amino\u00e1cido que contribuye al metabolismo de las grasas y a la producci\u00f3n de energ\u00eda.<\/p>","protected":false},"featured_media":0,"comment_status":"open","ping_status":"closed","template":"","meta":{"_acf_changed":false},"product_brand":[],"product_cat":[31],"product_tag":[],"class_list":{"0":"post-7631","1":"product","2":"type-product","3":"status-publish","5":"product_cat-otros","7":"first","8":"instock","9":"taxable","10":"shipping-taxable","11":"purchasable","12":"product-type-simple"},"acf":[],"_links":{"self":[{"href":"https:\/\/davidcalvo.net\/en\/wp-json\/wp\/v2\/product\/7631","targetHints":{"allow":["GET"]}}],"collection":[{"href":"https:\/\/davidcalvo.net\/en\/wp-json\/wp\/v2\/product"}],"about":[{"href":"https:\/\/davidcalvo.net\/en\/wp-json\/wp\/v2\/types\/product"}],"replies":[{"embeddable":true,"href":"https:\/\/davidcalvo.net\/en\/wp-json\/wp\/v2\/comments?post=7631"}],"wp:attachment":[{"href":"https:\/\/davidcalvo.net\/en\/wp-json\/wp\/v2\/media?parent=7631"}],"wp:term":[{"taxonomy":"product_brand","embeddable":true,"href":"https:\/\/davidcalvo.net\/en\/wp-json\/wp\/v2\/product_brand?post=7631"},{"taxonomy":"product_cat","embeddable":true,"href":"https:\/\/davidcalvo.net\/en\/wp-json\/wp\/v2\/product_cat?post=7631"},{"taxonomy":"product_tag","embeddable":true,"href":"https:\/\/davidcalvo.net\/en\/wp-json\/wp\/v2\/product_tag?post=7631"}],"curies":[{"name":"wp","href":"https:\/\/api.w.org\/{rel}","templated":true}]}}