{"id":7632,"date":"2025-04-09T19:21:09","date_gmt":"2025-04-09T18:21:09","guid":{"rendered":"https:\/\/davidcalvo.net\/producto\/bcaa-211-500g-sabor-sandia\/"},"modified":"2025-04-09T19:21:09","modified_gmt":"2025-04-09T18:21:09","slug":"bcaa-211-500g-sabor-sandia","status":"publish","type":"product","link":"https:\/\/davidcalvo.net\/en\/product\/bcaa-211-500g-sabor-sandia\/","title":{"rendered":"BCAA 2:1:1 500g &#8211; Sabor Sand\u00eda"},"content":{"rendered":"<p>Amino\u00e1cidos de cadena ramificada en ratio 2:1:1 que contribuyen al mantenimiento y crecimiento de la masa muscular. Sabor sand\u00eda.<\/p>","protected":false},"excerpt":{"rendered":"<p>Amino\u00e1cidos de cadena ramificada en ratio 2:1:1 que contribuyen al mantenimiento y crecimiento de la masa muscular. Sabor sand\u00eda.<\/p>","protected":false},"featured_media":0,"comment_status":"open","ping_status":"closed","template":"","meta":{"_acf_changed":false},"product_brand":[],"product_cat":[29],"product_tag":[],"class_list":{"0":"post-7632","1":"product","2":"type-product","3":"status-publish","5":"product_cat-bcaa-aminoacidos","7":"first","8":"instock","9":"taxable","10":"shipping-taxable","11":"purchasable","12":"product-type-simple"},"acf":[],"_links":{"self":[{"href":"https:\/\/davidcalvo.net\/en\/wp-json\/wp\/v2\/product\/7632","targetHints":{"allow":["GET"]}}],"collection":[{"href":"https:\/\/davidcalvo.net\/en\/wp-json\/wp\/v2\/product"}],"about":[{"href":"https:\/\/davidcalvo.net\/en\/wp-json\/wp\/v2\/types\/product"}],"replies":[{"embeddable":true,"href":"https:\/\/davidcalvo.net\/en\/wp-json\/wp\/v2\/comments?post=7632"}],"wp:attachment":[{"href":"https:\/\/davidcalvo.net\/en\/wp-json\/wp\/v2\/media?parent=7632"}],"wp:term":[{"taxonomy":"product_brand","embeddable":true,"href":"https:\/\/davidcalvo.net\/en\/wp-json\/wp\/v2\/product_brand?post=7632"},{"taxonomy":"product_cat","embeddable":true,"href":"https:\/\/davidcalvo.net\/en\/wp-json\/wp\/v2\/product_cat?post=7632"},{"taxonomy":"product_tag","embeddable":true,"href":"https:\/\/davidcalvo.net\/en\/wp-json\/wp\/v2\/product_tag?post=7632"}],"curies":[{"name":"wp","href":"https:\/\/api.w.org\/{rel}","templated":true}]}}