{"id":7638,"date":"2025-04-09T19:21:12","date_gmt":"2025-04-09T18:21:12","guid":{"rendered":"https:\/\/davidcalvo.net\/producto\/post-entreno-recuperador-1kg-chocolate\/"},"modified":"2025-04-09T19:21:12","modified_gmt":"2025-04-09T18:21:12","slug":"post-entreno-recuperador-1kg-chocolate","status":"publish","type":"product","link":"https:\/\/davidcalvo.net\/en\/product\/post-entreno-recuperador-1kg-chocolate\/","title":{"rendered":"Post-Entreno Recuperador 1kg &#8211; Chocolate"},"content":{"rendered":"<p>Mezcla post-entreno que combina prote\u00ednas y carbohidratos para una \u00f3ptima recuperaci\u00f3n muscular. Sabor a chocolate.<\/p>","protected":false},"excerpt":{"rendered":"<p>Mezcla post-entreno que combina prote\u00ednas y carbohidratos para una \u00f3ptima recuperaci\u00f3n muscular. Sabor a chocolate.<\/p>","protected":false},"featured_media":0,"comment_status":"open","ping_status":"closed","template":"","meta":{"_acf_changed":false},"product_brand":[],"product_cat":[31],"product_tag":[],"class_list":{"0":"post-7638","1":"product","2":"type-product","3":"status-publish","5":"product_cat-otros","7":"first","8":"instock","9":"taxable","10":"shipping-taxable","11":"purchasable","12":"product-type-simple"},"acf":[],"_links":{"self":[{"href":"https:\/\/davidcalvo.net\/en\/wp-json\/wp\/v2\/product\/7638","targetHints":{"allow":["GET"]}}],"collection":[{"href":"https:\/\/davidcalvo.net\/en\/wp-json\/wp\/v2\/product"}],"about":[{"href":"https:\/\/davidcalvo.net\/en\/wp-json\/wp\/v2\/types\/product"}],"replies":[{"embeddable":true,"href":"https:\/\/davidcalvo.net\/en\/wp-json\/wp\/v2\/comments?post=7638"}],"wp:attachment":[{"href":"https:\/\/davidcalvo.net\/en\/wp-json\/wp\/v2\/media?parent=7638"}],"wp:term":[{"taxonomy":"product_brand","embeddable":true,"href":"https:\/\/davidcalvo.net\/en\/wp-json\/wp\/v2\/product_brand?post=7638"},{"taxonomy":"product_cat","embeddable":true,"href":"https:\/\/davidcalvo.net\/en\/wp-json\/wp\/v2\/product_cat?post=7638"},{"taxonomy":"product_tag","embeddable":true,"href":"https:\/\/davidcalvo.net\/en\/wp-json\/wp\/v2\/product_tag?post=7638"}],"curies":[{"name":"wp","href":"https:\/\/api.w.org\/{rel}","templated":true}]}}